{"id":3430,"date":"2025-08-08T13:12:35","date_gmt":"2025-08-08T13:12:35","guid":{"rendered":"https:\/\/www.aqualife.com.py\/v3\/?post_type=product&#038;p=3430"},"modified":"2025-11-26T20:55:11","modified_gmt":"2025-11-26T20:55:11","slug":"purificador-multi-blue","status":"publish","type":"product","link":"https:\/\/www.aqualife.com.py\/v3\/producto\/purificador-multi-blue\/","title":{"rendered":"Multi Blue Aqualife"},"content":{"rendered":"<p>Equipo purificador de alta capacidad de retenci\u00f3n de impurezas, proporciona 80 litros de agua por hora.<\/p>\n<p>Primera Etapa:<br \/>\nEl agua pasa directamente desde la red de agua al equipo por un cartucho de polipropileno que elimina solidos finos en suspensi\u00f3n como arena, barro, \u00f3xidos y otros contaminantes f\u00edsicos.<\/p>\n<p>Segunda etapa:<br \/>\nLos filtros de carb\u00f3n activado eliminan el cloro libre y trihalometanos, evita la proliferaci\u00f3n de microorganismos y de los compuestos que producen los malos sabores y olores del agua.<\/p>\n","protected":false},"excerpt":{"rendered":"<p>Equipo purificador de alta capacidad de retenci\u00f3n de impurezas, proporciona 80 litros de agua por hora. Primera Etapa: El agua pasa directamente desde la red de agua al equipo por un cartucho de polipropileno que elimina solidos finos en suspensi\u00f3n como arena, barro, \u00f3xidos y otros contaminantes f\u00edsicos. Segunda etapa: Los filtros de carb\u00f3n activado&#8230;<\/p>\n","protected":false},"featured_media":3637,"template":"","meta":{"pgc_sgb_lightbox_settings":"","_joinchat":[]},"product_brand":[],"product_cat":[206],"product_tag":[],"class_list":{"0":"post-3430","1":"product","2":"type-product","3":"status-publish","4":"has-post-thumbnail","6":"product_cat-purificadores-de-agua","8":"first","9":"instock","10":"taxable","11":"shipping-taxable","12":"purchasable","13":"product-type-simple"},"_links":{"self":[{"href":"https:\/\/www.aqualife.com.py\/v3\/wp-json\/wp\/v2\/product\/3430"}],"collection":[{"href":"https:\/\/www.aqualife.com.py\/v3\/wp-json\/wp\/v2\/product"}],"about":[{"href":"https:\/\/www.aqualife.com.py\/v3\/wp-json\/wp\/v2\/types\/product"}],"wp:featuredmedia":[{"embeddable":true,"href":"https:\/\/www.aqualife.com.py\/v3\/wp-json\/wp\/v2\/media\/3637"}],"wp:attachment":[{"href":"https:\/\/www.aqualife.com.py\/v3\/wp-json\/wp\/v2\/media?parent=3430"}],"wp:term":[{"taxonomy":"product_brand","embeddable":true,"href":"https:\/\/www.aqualife.com.py\/v3\/wp-json\/wp\/v2\/product_brand?post=3430"},{"taxonomy":"product_cat","embeddable":true,"href":"https:\/\/www.aqualife.com.py\/v3\/wp-json\/wp\/v2\/product_cat?post=3430"},{"taxonomy":"product_tag","embeddable":true,"href":"https:\/\/www.aqualife.com.py\/v3\/wp-json\/wp\/v2\/product_tag?post=3430"}],"curies":[{"name":"wp","href":"https:\/\/api.w.org\/{rel}","templated":true}]}}