{"id":3439,"date":"2025-08-09T22:04:43","date_gmt":"2025-08-09T22:04:43","guid":{"rendered":"https:\/\/www.aqualife.com.py\/v3\/?post_type=product&#038;p=3439"},"modified":"2025-10-02T20:48:13","modified_gmt":"2025-10-02T20:48:13","slug":"multi-aqualife","status":"publish","type":"product","link":"https:\/\/www.aqualife.com.py\/v3\/producto\/multi-aqualife\/","title":{"rendered":"Multi AquaLife"},"content":{"rendered":"<h3 data-start=\"671\" data-end=\"726\"><strong data-start=\"677\" data-end=\"726\">Fase 1 \u2013 Filtraje Mec\u00e1nico de Alta Eficiencia<\/strong><\/h3>\n<ul data-start=\"728\" data-end=\"1265\">\n<li data-start=\"728\" data-end=\"829\">\n<p data-start=\"730\" data-end=\"829\">En esta primera etapa se realiza una <strong data-start=\"767\" data-end=\"788\">filtraci\u00f3n f\u00edsica<\/strong> (tambi\u00e9n llamada <strong data-start=\"806\" data-end=\"827\">filtrado mec\u00e1nico<\/strong>).<\/p>\n<\/li>\n<li data-start=\"830\" data-end=\"949\">\n<p data-start=\"832\" data-end=\"949\">Se utiliza un <strong data-start=\"846\" data-end=\"859\">prefiltro<\/strong> o <strong data-start=\"862\" data-end=\"908\">cartucho de polipropileno plisado o hilado<\/strong>, el cual act\u00faa como una barrera inicial.<\/p>\n<\/li>\n<li data-start=\"950\" data-end=\"1069\">\n<p data-start=\"952\" data-end=\"1002\">Su funci\u00f3n es <strong data-start=\"966\" data-end=\"996\">retener part\u00edculas s\u00f3lidas<\/strong> como:<\/p>\n<ul data-start=\"1005\" data-end=\"1069\">\n<li data-start=\"1005\" data-end=\"1012\">\n<p data-start=\"1007\" data-end=\"1012\">Arena<\/p>\n<\/li>\n<li data-start=\"1015\" data-end=\"1022\">\n<p data-start=\"1017\" data-end=\"1022\">Barro<\/p>\n<\/li>\n<li data-start=\"1025\" data-end=\"1045\">\n<p data-start=\"1027\" data-end=\"1045\">\u00d3xidos (herrumbre)<\/p>\n<\/li>\n<li data-start=\"1048\" data-end=\"1069\">\n<p data-start=\"1050\" data-end=\"1069\">Sedimentos diversos<\/p>\n<\/li>\n<\/ul>\n<\/li>\n<li data-start=\"1070\" data-end=\"1161\">\n<p data-start=\"1072\" data-end=\"1161\">El tama\u00f1o t\u00edpico de poro en esta etapa es de <strong data-start=\"1117\" data-end=\"1136\">5 a 10 micrones<\/strong>, dependiendo del dise\u00f1o.<\/p>\n<\/li>\n<li data-start=\"1162\" data-end=\"1262\">\n<p data-start=\"1164\" data-end=\"1262\">Protege la segunda etapa al evitar que part\u00edculas grandes saturen el sistema de adsorci\u00f3n qu\u00edmica.<\/p>\n<\/li>\n<\/ul>\n<p data-start=\"1266\" data-end=\"1367\"><strong data-start=\"1266\" data-end=\"1280\">Resultado:<\/strong> mejora la <strong data-start=\"1291\" data-end=\"1312\">claridad del agua<\/strong> y evita obstrucciones prematuras en el segundo filtro.<\/p>\n<h3 data-start=\"1374\" data-end=\"1441\"><strong data-start=\"1380\" data-end=\"1441\">Fase 2 \u2013 Adsorci\u00f3n Qu\u00edmica con Carb\u00f3n Activado Compactado<\/strong><\/h3>\n<ul data-start=\"1443\" data-end=\"2120\">\n<li data-start=\"1443\" data-end=\"1576\">\n<p data-start=\"1445\" data-end=\"1576\">La segunda fase se basa en un cartucho de <strong data-start=\"1487\" data-end=\"1531\">carb\u00f3n activado en bloque (block carbon)<\/strong>, con estructura compactada de alta densidad.<\/p>\n<\/li>\n<li data-start=\"1577\" data-end=\"1719\">\n<p data-start=\"1579\" data-end=\"1719\">Aqu\u00ed se realiza una <strong data-start=\"1599\" data-end=\"1620\">adsorci\u00f3n qu\u00edmica<\/strong>, que consiste en capturar mol\u00e9culas y compuestos qu\u00edmicos al adherirse a la superficie del carb\u00f3n.<\/p>\n<\/li>\n<li data-start=\"1720\" data-end=\"2012\">\n<p data-start=\"1722\" data-end=\"1823\">El carb\u00f3n activado tiene una <strong data-start=\"1751\" data-end=\"1784\">superficie interna muy porosa<\/strong>, capaz de adsorber contaminantes como:<\/p>\n<ul data-start=\"1826\" data-end=\"2012\">\n<li data-start=\"1826\" data-end=\"1839\">\n<p data-start=\"1828\" data-end=\"1839\">Cloro libre<\/p>\n<\/li>\n<li data-start=\"1842\" data-end=\"1864\">\n<p data-start=\"1844\" data-end=\"1864\">Trihalometanos (THM)<\/p>\n<\/li>\n<li data-start=\"1867\" data-end=\"1906\">\n<p data-start=\"1869\" data-end=\"1906\">Compuestos org\u00e1nicos vol\u00e1tiles (COVs)<\/p>\n<\/li>\n<li data-start=\"1909\" data-end=\"1934\">\n<p data-start=\"1911\" data-end=\"1934\">Pesticidas y herbicidas<\/p>\n<\/li>\n<li data-start=\"1937\" data-end=\"1961\">\n<p data-start=\"1939\" data-end=\"1961\">Malos olores y sabores<\/p>\n<\/li>\n<li data-start=\"1964\" data-end=\"2012\">\n<p data-start=\"1966\" data-end=\"2012\">Trazas de metales pesados (en algunos modelos)<\/p>\n<\/li>\n<\/ul>\n<\/li>\n<li data-start=\"2013\" data-end=\"2120\">\n<p data-start=\"2015\" data-end=\"2120\">Puede estar impregnado con <strong data-start=\"2042\" data-end=\"2060\">plata coloidal<\/strong> para inhibir el crecimiento bacteriano dentro del cartucho.<\/p>\n<\/li>\n<\/ul>\n<p data-start=\"2122\" data-end=\"2275\"><strong data-start=\"2122\" data-end=\"2136\">Resultado:<\/strong> proporciona <strong data-start=\"2149\" data-end=\"2219\">agua sin sabor, sin olor y libre de contaminantes qu\u00edmicos comunes<\/strong>, con una calidad muy superior a la del agua sin tratar.<\/p>\n","protected":false},"excerpt":{"rendered":"<p>Este sistema de purificaci\u00f3n est\u00e1 dise\u00f1ado para ofrecer agua de excelente calidad mediante un proceso de doble filtraci\u00f3n, optimizando tanto la retenci\u00f3n de part\u00edculas como la remoci\u00f3n de contaminantes qu\u00edmicos y org\u00e1nicos. Su capacidad de filtrado de 80 litros por hora lo convierte en una soluci\u00f3n ideal para hogares, oficinas, o establecimientos de consumo moderado. <strong>Mantenimiento:<\/strong> El cartucho de carb\u00f3n suele tener una vida \u00fatil de entre 6 y 12 meses, dependiendo del consumo y calidad del agua de entrada.<\/p>\n","protected":false},"featured_media":3440,"template":"","meta":{"pgc_sgb_lightbox_settings":"","_joinchat":[]},"product_brand":[],"product_cat":[206],"product_tag":[208,207],"class_list":{"0":"post-3439","1":"product","2":"type-product","3":"status-publish","4":"has-post-thumbnail","6":"product_cat-purificadores-de-agua","7":"product_tag-doble-fase","8":"product_tag-purificador-de-agua","10":"first","11":"instock","12":"taxable","13":"shipping-taxable","14":"purchasable","15":"product-type-simple"},"_links":{"self":[{"href":"https:\/\/www.aqualife.com.py\/v3\/wp-json\/wp\/v2\/product\/3439"}],"collection":[{"href":"https:\/\/www.aqualife.com.py\/v3\/wp-json\/wp\/v2\/product"}],"about":[{"href":"https:\/\/www.aqualife.com.py\/v3\/wp-json\/wp\/v2\/types\/product"}],"wp:featuredmedia":[{"embeddable":true,"href":"https:\/\/www.aqualife.com.py\/v3\/wp-json\/wp\/v2\/media\/3440"}],"wp:attachment":[{"href":"https:\/\/www.aqualife.com.py\/v3\/wp-json\/wp\/v2\/media?parent=3439"}],"wp:term":[{"taxonomy":"product_brand","embeddable":true,"href":"https:\/\/www.aqualife.com.py\/v3\/wp-json\/wp\/v2\/product_brand?post=3439"},{"taxonomy":"product_cat","embeddable":true,"href":"https:\/\/www.aqualife.com.py\/v3\/wp-json\/wp\/v2\/product_cat?post=3439"},{"taxonomy":"product_tag","embeddable":true,"href":"https:\/\/www.aqualife.com.py\/v3\/wp-json\/wp\/v2\/product_tag?post=3439"}],"curies":[{"name":"wp","href":"https:\/\/api.w.org\/{rel}","templated":true}]}}