{"id":3441,"date":"2025-08-10T22:37:41","date_gmt":"2025-08-10T22:37:41","guid":{"rendered":"https:\/\/www.aqualife.com.py\/v3\/?post_type=product&#038;p=3441"},"modified":"2025-11-26T21:56:48","modified_gmt":"2025-11-26T21:56:48","slug":"purificador-single-aqualife","status":"publish","type":"product","link":"https:\/\/www.aqualife.com.py\/v3\/producto\/purificador-single-aqualife\/","title":{"rendered":"Single AquaLife"},"content":{"rendered":"<p data-start=\"166\" data-end=\"518\">El <strong data-start=\"169\" data-end=\"199\">purificador de agua Single<\/strong> ha sido dise\u00f1ado espec\u00edficamente para funcionar en sistemas de agua potable con <strong data-start=\"280\" data-end=\"302\">cloraci\u00f3n continua<\/strong>. Su estructura compacta integra un sistema de <strong data-start=\"349\" data-end=\"369\">doble filtraci\u00f3n<\/strong> en un \u00fanico elemento filtrante, lo que lo convierte en una soluci\u00f3n pr\u00e1ctica, eficiente y de bajo mantenimiento para el uso dom\u00e9stico o profesional.<\/p>\n<hr data-start=\"520\" data-end=\"523\" \/>\n<h3 data-start=\"525\" data-end=\"567\">\ud83d\udd39 Doble etapa de filtraci\u00f3n integrada<\/h3>\n<p data-start=\"569\" data-end=\"681\">El cartucho del purificador Single combina dos procesos fundamentales de purificaci\u00f3n dentro de una sola unidad:<\/p>\n<h4 data-start=\"683\" data-end=\"723\">1. <strong data-start=\"691\" data-end=\"723\">Filtraci\u00f3n mec\u00e1nica (f\u00edsica)<\/strong><\/h4>\n<ul data-start=\"724\" data-end=\"1063\">\n<li data-start=\"724\" data-end=\"831\">\n<p data-start=\"726\" data-end=\"786\">Retiene <strong data-start=\"734\" data-end=\"756\">part\u00edculas s\u00f3lidas<\/strong> suspendidas en el agua, como:<\/p>\n<ul data-start=\"789\" data-end=\"831\">\n<li data-start=\"789\" data-end=\"796\">\n<p data-start=\"791\" data-end=\"796\">Arena<\/p>\n<\/li>\n<li data-start=\"799\" data-end=\"806\">\n<p data-start=\"801\" data-end=\"806\">Barro<\/p>\n<\/li>\n<li data-start=\"809\" data-end=\"821\">\n<p data-start=\"811\" data-end=\"821\">Sedimentos<\/p>\n<\/li>\n<li data-start=\"824\" data-end=\"831\">\n<p data-start=\"826\" data-end=\"831\">\u00d3xido<\/p>\n<\/li>\n<\/ul>\n<\/li>\n<li data-start=\"832\" data-end=\"959\">\n<p data-start=\"834\" data-end=\"959\">Generalmente se realiza mediante una matriz de carb\u00f3n activado en bloque con capacidad para actuar como filtro de sedimentos.<\/p>\n<\/li>\n<li data-start=\"960\" data-end=\"1063\">\n<p data-start=\"962\" data-end=\"1063\">Mejora la <strong data-start=\"972\" data-end=\"991\">claridad visual<\/strong> del agua y protege a la etapa de adsorci\u00f3n de una saturaci\u00f3n prematura.<\/p>\n<\/li>\n<\/ul>\n<h4 data-start=\"1065\" data-end=\"1114\">2. <strong data-start=\"1073\" data-end=\"1114\">Adsorci\u00f3n qu\u00edmica con carb\u00f3n activado<\/strong><\/h4>\n<ul data-start=\"1115\" data-end=\"1504\">\n<li data-start=\"1115\" data-end=\"1206\">\n<p data-start=\"1117\" data-end=\"1206\">Utiliza <strong data-start=\"1125\" data-end=\"1160\">carb\u00f3n activado de alta calidad<\/strong>, que tiene una superficie interna muy porosa.<\/p>\n<\/li>\n<li data-start=\"1207\" data-end=\"1423\">\n<p data-start=\"1209\" data-end=\"1292\">Adsorbe <strong data-start=\"1217\" data-end=\"1232\">cloro libre<\/strong> y compuestos org\u00e1nicos vol\u00e1tiles (COVs), adem\u00e1s de reducir:<\/p>\n<ul data-start=\"1295\" data-end=\"1423\">\n<li data-start=\"1295\" data-end=\"1319\">\n<p data-start=\"1297\" data-end=\"1319\">Malos olores y sabores<\/p>\n<\/li>\n<li data-start=\"1322\" data-end=\"1374\">\n<p data-start=\"1324\" data-end=\"1374\">Subproductos de la cloraci\u00f3n (como trihalometanos)<\/p>\n<\/li>\n<li data-start=\"1377\" data-end=\"1423\">\n<p data-start=\"1379\" data-end=\"1423\">Trazas de pesticidas, herbicidas y solventes<\/p>\n<\/li>\n<\/ul>\n<\/li>\n<li data-start=\"1424\" data-end=\"1504\">\n<p data-start=\"1426\" data-end=\"1504\">La <strong data-start=\"1429\" data-end=\"1450\">adsorci\u00f3n qu\u00edmica<\/strong> mejora notablemente el perfil organol\u00e9ptico del agua.<\/p>\n<\/li>\n<\/ul>\n<hr data-start=\"1506\" data-end=\"1509\" \/>\n<h3 data-start=\"1511\" data-end=\"1556\">\ud83d\udd39 Tecnolog\u00eda con nanopart\u00edculas de plata<\/h3>\n<p data-start=\"1558\" data-end=\"1672\">El cartucho est\u00e1 impregnado con <strong data-start=\"1590\" data-end=\"1626\">nanopart\u00edculas de plata met\u00e1lica<\/strong>, que cumplen una funci\u00f3n <strong data-start=\"1652\" data-end=\"1671\">bacteriost\u00e1tica<\/strong>:<\/p>\n<ul data-start=\"1674\" data-end=\"2016\">\n<li data-start=\"1674\" data-end=\"1807\">\n<p data-start=\"1676\" data-end=\"1807\"><strong data-start=\"1676\" data-end=\"1713\">Inhiben el crecimiento bacteriano<\/strong> en el interior del filtro, evitando la proliferaci\u00f3n de microorganismos en ambientes h\u00famedos.<\/p>\n<\/li>\n<li data-start=\"1808\" data-end=\"1886\">\n<p data-start=\"1810\" data-end=\"1886\">Ayudan a mantener la higiene del sistema sin necesidad de aditivos qu\u00edmicos.<\/p>\n<\/li>\n<li data-start=\"1887\" data-end=\"2016\">\n<p data-start=\"1889\" data-end=\"2016\">No reemplaza a una desinfecci\u00f3n por UV o cloro, pero s\u00ed <strong data-start=\"1945\" data-end=\"1995\">minimiza el riesgo de contaminaci\u00f3n secundaria<\/strong> dentro del cartucho.<\/p>\n<\/li>\n<\/ul>\n<hr data-start=\"2018\" data-end=\"2021\" \/>\n<h3 data-start=\"2023\" data-end=\"2055\">\ud83d\udd27 Aplicaciones recomendadas<\/h3>\n<ul data-start=\"2057\" data-end=\"2301\">\n<li data-start=\"2057\" data-end=\"2112\">\n<p data-start=\"2059\" data-end=\"2112\">Sistemas de agua potable <strong data-start=\"2084\" data-end=\"2112\">con cloraci\u00f3n permanente<\/strong><\/p>\n<\/li>\n<li data-start=\"2113\" data-end=\"2177\">\n<p data-start=\"2115\" data-end=\"2177\">Instalaci\u00f3n bajo mesada, sobre mesada o en puntos de uso (POU)<\/p>\n<\/li>\n<li data-start=\"2178\" data-end=\"2235\">\n<p data-start=\"2180\" data-end=\"2235\">Uso dom\u00e9stico, oficinas, consultorios, cafeter\u00edas, etc.<\/p>\n<\/li>\n<li data-start=\"2236\" data-end=\"2301\">\n<p data-start=\"2238\" data-end=\"2301\">Compatible con grifer\u00edas independientes o sistemas de doble v\u00eda<\/p>\n<\/li>\n<\/ul>\n","protected":false},"excerpt":{"rendered":"<p>El purificador Single AquaLife esta dise\u00f1ado para ser utilizado con agua permanentemente clorada y cuenta con dos etapas de filtraci\u00f3n concentradas en un \u00fanico elemento filtrante de carb\u00f3n activado con nano part\u00edculas de plata.<\/p>\n","protected":false},"featured_media":3640,"template":"","meta":{"pgc_sgb_lightbox_settings":"","_joinchat":[]},"product_brand":[],"product_cat":[206],"product_tag":[207,209],"class_list":{"0":"post-3441","1":"product","2":"type-product","3":"status-publish","4":"has-post-thumbnail","6":"product_cat-purificadores-de-agua","7":"product_tag-purificador-de-agua","8":"product_tag-una-fase","10":"first","11":"instock","12":"taxable","13":"shipping-taxable","14":"purchasable","15":"product-type-simple"},"_links":{"self":[{"href":"https:\/\/www.aqualife.com.py\/v3\/wp-json\/wp\/v2\/product\/3441"}],"collection":[{"href":"https:\/\/www.aqualife.com.py\/v3\/wp-json\/wp\/v2\/product"}],"about":[{"href":"https:\/\/www.aqualife.com.py\/v3\/wp-json\/wp\/v2\/types\/product"}],"wp:featuredmedia":[{"embeddable":true,"href":"https:\/\/www.aqualife.com.py\/v3\/wp-json\/wp\/v2\/media\/3640"}],"wp:attachment":[{"href":"https:\/\/www.aqualife.com.py\/v3\/wp-json\/wp\/v2\/media?parent=3441"}],"wp:term":[{"taxonomy":"product_brand","embeddable":true,"href":"https:\/\/www.aqualife.com.py\/v3\/wp-json\/wp\/v2\/product_brand?post=3441"},{"taxonomy":"product_cat","embeddable":true,"href":"https:\/\/www.aqualife.com.py\/v3\/wp-json\/wp\/v2\/product_cat?post=3441"},{"taxonomy":"product_tag","embeddable":true,"href":"https:\/\/www.aqualife.com.py\/v3\/wp-json\/wp\/v2\/product_tag?post=3441"}],"curies":[{"name":"wp","href":"https:\/\/api.w.org\/{rel}","templated":true}]}}