{"id":3447,"date":"2025-08-06T00:08:13","date_gmt":"2025-08-06T00:08:13","guid":{"rendered":"https:\/\/www.aqualife.com.py\/v3\/?post_type=product&#038;p=3447"},"modified":"2025-10-02T20:51:32","modified_gmt":"2025-10-02T20:51:32","slug":"multi-3e","status":"publish","type":"product","link":"https:\/\/www.aqualife.com.py\/v3\/producto\/multi-3e\/","title":{"rendered":"Multi 3E"},"content":{"rendered":"<h3 data-start=\"645\" data-end=\"685\">\ud83d\udd39 Sistema de Filtrado en Tres Fases<\/h3>\n<p data-start=\"687\" data-end=\"883\">Este purificador realiza un tratamiento progresivo del agua a trav\u00e9s de <strong data-start=\"759\" data-end=\"786\">tres etapas de filtrado<\/strong>, cada una con una funci\u00f3n espec\u00edfica para garantizar un agua m\u00e1s segura, clara y de mejor sabor:<\/p>\n<h4 data-start=\"885\" data-end=\"949\">Fase 1: Filtraci\u00f3n mec\u00e1nica con cartucho de polipropileno<\/h4>\n<ul data-start=\"950\" data-end=\"1174\">\n<li data-start=\"950\" data-end=\"1054\">\n<p data-start=\"952\" data-end=\"1003\">Elimina sedimentos y part\u00edculas en suspensi\u00f3n como:<\/p>\n<ul data-start=\"1006\" data-end=\"1054\">\n<li data-start=\"1006\" data-end=\"1013\">\n<p data-start=\"1008\" data-end=\"1013\">Arena<\/p>\n<\/li>\n<li data-start=\"1016\" data-end=\"1023\">\n<p data-start=\"1018\" data-end=\"1023\">Barro<\/p>\n<\/li>\n<li data-start=\"1026\" data-end=\"1032\">\n<p data-start=\"1028\" data-end=\"1032\">Limo<\/p>\n<\/li>\n<li data-start=\"1035\" data-end=\"1054\">\n<p data-start=\"1037\" data-end=\"1054\">\u00d3xido de tuber\u00edas<\/p>\n<\/li>\n<\/ul>\n<\/li>\n<li data-start=\"1055\" data-end=\"1105\">\n<p data-start=\"1057\" data-end=\"1105\">Mejora la claridad del agua desde el primer paso<\/p>\n<\/li>\n<li data-start=\"1106\" data-end=\"1174\">\n<p data-start=\"1108\" data-end=\"1174\">Protege los filtros posteriores, evitando obstrucciones prematuras<\/p>\n<\/li>\n<\/ul>\n<h4 data-start=\"1176\" data-end=\"1238\">Fase 2: Filtraci\u00f3n qu\u00edmica con carb\u00f3n activado granular<\/h4>\n<ul data-start=\"1239\" data-end=\"1432\">\n<li data-start=\"1239\" data-end=\"1314\">\n<p data-start=\"1241\" data-end=\"1314\">Adsorbe cloro libre, responsable del sabor y olor desagradable en el agua<\/p>\n<\/li>\n<li data-start=\"1315\" data-end=\"1361\">\n<p data-start=\"1317\" data-end=\"1361\">Reduce compuestos org\u00e1nicos vol\u00e1tiles (COVs)<\/p>\n<\/li>\n<li data-start=\"1362\" data-end=\"1432\">\n<p data-start=\"1364\" data-end=\"1432\">Contribuye a la mejora del perfil organol\u00e9ptico (sabor, olor, color)<\/p>\n<\/li>\n<\/ul>\n<h4 data-start=\"1434\" data-end=\"1496\">Fase 3: Segunda filtraci\u00f3n con carb\u00f3n activado especial<\/h4>\n<ul data-start=\"1497\" data-end=\"1799\">\n<li data-start=\"1497\" data-end=\"1545\">\n<p data-start=\"1499\" data-end=\"1545\">Refuerza la capacidad de adsorci\u00f3n del sistema<\/p>\n<\/li>\n<li data-start=\"1546\" data-end=\"1711\">\n<p data-start=\"1548\" data-end=\"1581\">Mejora a\u00fan m\u00e1s la eliminaci\u00f3n de:<\/p>\n<ul data-start=\"1584\" data-end=\"1711\">\n<li data-start=\"1584\" data-end=\"1601\">\n<p data-start=\"1586\" data-end=\"1601\">Cloro remanente<\/p>\n<\/li>\n<li data-start=\"1604\" data-end=\"1656\">\n<p data-start=\"1606\" data-end=\"1656\">Subproductos de la cloraci\u00f3n (como trihalometanos)<\/p>\n<\/li>\n<li data-start=\"1659\" data-end=\"1711\">\n<p data-start=\"1661\" data-end=\"1711\">Pesticidas, herbicidas y residuos de hidrocarburos<\/p>\n<\/li>\n<\/ul>\n<\/li>\n<li data-start=\"1712\" data-end=\"1799\">\n<p data-start=\"1714\" data-end=\"1799\">Dependiendo del modelo, puede contener <strong data-start=\"1753\" data-end=\"1771\">plata coloidal<\/strong> para control bacteriol\u00f3gico.<\/p>\n<\/li>\n<\/ul>\n<p>&nbsp;<\/p>\n<h3 data-start=\"2596\" data-end=\"2625\">\ud83c\udf1f Beneficios principales<\/h3>\n<ul data-start=\"2627\" data-end=\"2843\">\n<li data-start=\"2627\" data-end=\"2667\">\n<p data-start=\"2629\" data-end=\"2667\">\u2705 Eliminaci\u00f3n eficaz de cloro y olores<\/p>\n<\/li>\n<li data-start=\"2668\" data-end=\"2705\">\n<p data-start=\"2670\" data-end=\"2705\">\u2705 Mejora del sabor del agua potable<\/p>\n<\/li>\n<li data-start=\"2706\" data-end=\"2741\">\n<p data-start=\"2708\" data-end=\"2741\">\u2705 Retenci\u00f3n de impurezas visibles<\/p>\n<\/li>\n<li data-start=\"2742\" data-end=\"2780\">\n<p data-start=\"2744\" data-end=\"2780\">\u2705 Compatible con agua clorada de red<\/p>\n<\/li>\n<li data-start=\"2781\" data-end=\"2818\">\n<p data-start=\"2783\" data-end=\"2818\">\u2705 F\u00e1cil instalaci\u00f3n y mantenimiento<\/p>\n<\/li>\n<li data-start=\"2819\" data-end=\"2843\">\n<p data-start=\"2821\" data-end=\"2843\">\u2705 Bajo costo operativo<\/p>\n<\/li>\n<\/ul>\n","protected":false},"excerpt":{"rendered":"<p>Este equipo purificador ha sido dise\u00f1ado para ofrecer una soluci\u00f3n completa y eficiente en la purificaci\u00f3n del agua potable, especialmente en zonas donde se detecta una alta concentraci\u00f3n de <strong data-start=\"466\" data-end=\"484\">cloro residual<\/strong> y otras impurezas. Su dise\u00f1o vers\u00e1til permite su instalaci\u00f3n tanto <strong data-start=\"552\" data-end=\"568\">sobre mesada<\/strong> como <strong data-start=\"574\" data-end=\"589\">bajo mesada<\/strong>, adapt\u00e1ndose a distintos espacios y necesidades.<\/p>\n","protected":false},"featured_media":3448,"template":"","meta":{"pgc_sgb_lightbox_settings":"","_joinchat":[]},"product_brand":[],"product_cat":[206],"product_tag":[],"class_list":{"0":"post-3447","1":"product","2":"type-product","3":"status-publish","4":"has-post-thumbnail","6":"product_cat-purificadores-de-agua","8":"first","9":"instock","10":"taxable","11":"shipping-taxable","12":"purchasable","13":"product-type-simple"},"_links":{"self":[{"href":"https:\/\/www.aqualife.com.py\/v3\/wp-json\/wp\/v2\/product\/3447"}],"collection":[{"href":"https:\/\/www.aqualife.com.py\/v3\/wp-json\/wp\/v2\/product"}],"about":[{"href":"https:\/\/www.aqualife.com.py\/v3\/wp-json\/wp\/v2\/types\/product"}],"wp:featuredmedia":[{"embeddable":true,"href":"https:\/\/www.aqualife.com.py\/v3\/wp-json\/wp\/v2\/media\/3448"}],"wp:attachment":[{"href":"https:\/\/www.aqualife.com.py\/v3\/wp-json\/wp\/v2\/media?parent=3447"}],"wp:term":[{"taxonomy":"product_brand","embeddable":true,"href":"https:\/\/www.aqualife.com.py\/v3\/wp-json\/wp\/v2\/product_brand?post=3447"},{"taxonomy":"product_cat","embeddable":true,"href":"https:\/\/www.aqualife.com.py\/v3\/wp-json\/wp\/v2\/product_cat?post=3447"},{"taxonomy":"product_tag","embeddable":true,"href":"https:\/\/www.aqualife.com.py\/v3\/wp-json\/wp\/v2\/product_tag?post=3447"}],"curies":[{"name":"wp","href":"https:\/\/api.w.org\/{rel}","templated":true}]}}