{"id":3450,"date":"2025-06-30T00:50:52","date_gmt":"2025-06-30T00:50:52","guid":{"rendered":"https:\/\/www.aqualife.com.py\/v3\/?post_type=product&#038;p=3450"},"modified":"2025-10-02T20:53:22","modified_gmt":"2025-10-02T20:53:22","slug":"purificador-4e","status":"publish","type":"product","link":"https:\/\/www.aqualife.com.py\/v3\/producto\/purificador-4e\/","title":{"rendered":"Purificador 4E"},"content":{"rendered":"<h3 data-start=\"719\" data-end=\"746\">\ud83d\udd39 Etapas de Filtraci\u00f3n<\/h3>\n<h4 data-start=\"748\" data-end=\"810\">Etapa 1 \u2013 Filtro de Polipropileno (Filtraci\u00f3n Mec\u00e1nica)<\/h4>\n<ul data-start=\"811\" data-end=\"1024\">\n<li data-start=\"811\" data-end=\"920\">\n<p data-start=\"813\" data-end=\"854\">Elimina part\u00edculas s\u00f3lidas visibles como:<\/p>\n<ul data-start=\"857\" data-end=\"920\">\n<li data-start=\"857\" data-end=\"864\">\n<p data-start=\"859\" data-end=\"864\">Arena<\/p>\n<\/li>\n<li data-start=\"867\" data-end=\"874\">\n<p data-start=\"869\" data-end=\"874\">Barro<\/p>\n<\/li>\n<li data-start=\"877\" data-end=\"884\">\n<p data-start=\"879\" data-end=\"884\">\u00d3xido<\/p>\n<\/li>\n<li data-start=\"887\" data-end=\"920\">\n<p data-start=\"889\" data-end=\"920\">Lodo y sedimentos en suspensi\u00f3n<\/p>\n<\/li>\n<\/ul>\n<\/li>\n<li data-start=\"921\" data-end=\"987\">\n<p data-start=\"923\" data-end=\"987\">Protege los filtros posteriores al evitar su saturaci\u00f3n temprana<\/p>\n<\/li>\n<li data-start=\"988\" data-end=\"1024\">\n<p data-start=\"990\" data-end=\"1024\">Mejora la claridad visual del agua<\/p>\n<\/li>\n<\/ul>\n<h4 data-start=\"1026\" data-end=\"1077\">Etapa 2 \u2013 Filtro de Carb\u00f3n Activado Granular<\/h4>\n<ul data-start=\"1078\" data-end=\"1297\">\n<li data-start=\"1078\" data-end=\"1160\">\n<p data-start=\"1080\" data-end=\"1160\">Adsorbe <strong data-start=\"1088\" data-end=\"1103\">cloro libre<\/strong>, principal causante del mal sabor y olor del agua de red<\/p>\n<\/li>\n<li data-start=\"1161\" data-end=\"1250\">\n<p data-start=\"1163\" data-end=\"1250\">Reduce compuestos org\u00e1nicos vol\u00e1tiles (COVs), pesticidas y subproductos de la cloraci\u00f3n<\/p>\n<\/li>\n<li data-start=\"1251\" data-end=\"1297\">\n<p data-start=\"1253\" data-end=\"1297\">Mejora notablemente el sabor y olor del agua<\/p>\n<\/li>\n<\/ul>\n<h4 data-start=\"1299\" data-end=\"1368\">Etapa 3 \u2013 Filtro de Carb\u00f3n Activado en Bloque o Plata Coloidal<\/h4>\n<ul data-start=\"1369\" data-end=\"1617\">\n<li data-start=\"1369\" data-end=\"1417\">\n<p data-start=\"1371\" data-end=\"1417\">Reforzamiento del proceso de adsorci\u00f3n qu\u00edmica<\/p>\n<\/li>\n<li data-start=\"1418\" data-end=\"1499\">\n<p data-start=\"1420\" data-end=\"1499\">Mejora la remoci\u00f3n de qu\u00edmicos remanentes y metales pesados (seg\u00fan composici\u00f3n)<\/p>\n<\/li>\n<li data-start=\"1500\" data-end=\"1617\">\n<p data-start=\"1502\" data-end=\"1617\">Puede incluir <strong data-start=\"1516\" data-end=\"1534\">plata coloidal<\/strong> para funci\u00f3n bacteriost\u00e1tica (previene crecimiento bacteriano dentro del cartucho)<\/p>\n<\/li>\n<\/ul>\n<h4 data-start=\"1619\" data-end=\"1678\">Etapa 4 \u2013 Tratamiento Final (a elegir seg\u00fan modelo):<\/h4>\n<p data-start=\"1682\" data-end=\"1721\">\ud83d\udd39 <strong data-start=\"1685\" data-end=\"1719\">Opci\u00f3n A: Ultrafiltraci\u00f3n (UF)<\/strong><\/p>\n<ul data-start=\"1722\" data-end=\"1973\">\n<li data-start=\"1722\" data-end=\"1790\">\n<p data-start=\"1724\" data-end=\"1790\">Tecnolog\u00eda de membrana con poros ultra finos (0.01 a 0.1 micras)<\/p>\n<\/li>\n<li data-start=\"1791\" data-end=\"1852\">\n<p data-start=\"1793\" data-end=\"1801\">Elimina:<\/p>\n<ul data-start=\"1804\" data-end=\"1852\">\n<li data-start=\"1804\" data-end=\"1811\">\n<p data-start=\"1806\" data-end=\"1811\">Virus<\/p>\n<\/li>\n<li data-start=\"1814\" data-end=\"1825\">\n<p data-start=\"1816\" data-end=\"1825\">Bacterias<\/p>\n<\/li>\n<li data-start=\"1828\" data-end=\"1852\">\n<p data-start=\"1830\" data-end=\"1852\">Quistes y protozoarios<\/p>\n<\/li>\n<\/ul>\n<\/li>\n<li data-start=\"1853\" data-end=\"1879\">\n<p data-start=\"1855\" data-end=\"1879\">No requiere electricidad<\/p>\n<\/li>\n<li data-start=\"1880\" data-end=\"1973\">\n<p data-start=\"1882\" data-end=\"1973\">Ideal para \u00e1reas sin acceso a energ\u00eda o para usuarios que prefieren soluciones sin l\u00e1mparas<\/p>\n<\/li>\n<\/ul>\n<p data-start=\"1975\" data-end=\"2019\">\ud83d\udd39 <strong data-start=\"1978\" data-end=\"2017\">Opci\u00f3n B: L\u00e1mpara Ultravioleta (UV)<\/strong><\/p>\n<ul data-start=\"2020\" data-end=\"2285\">\n<li data-start=\"2020\" data-end=\"2067\">\n<p data-start=\"2022\" data-end=\"2067\">Desinfecci\u00f3n mediante radiaci\u00f3n UV-C (254 nm)<\/p>\n<\/li>\n<li data-start=\"2068\" data-end=\"2159\">\n<p data-start=\"2070\" data-end=\"2159\">Inactiva el ADN de virus, bacterias y microorganismos con una eficacia de hasta <strong data-start=\"2150\" data-end=\"2159\">99.9%<\/strong><\/p>\n<\/li>\n<li data-start=\"2160\" data-end=\"2226\">\n<p data-start=\"2162\" data-end=\"2226\">Act\u00faa sin alterar el sabor, color o composici\u00f3n qu\u00edmica del agua<\/p>\n<\/li>\n<li data-start=\"2227\" data-end=\"2285\">\n<p data-start=\"2229\" data-end=\"2285\">Requiere conexi\u00f3n el\u00e9ctrica y reemplazo anual de l\u00e1mpara<\/p>\n<\/li>\n<\/ul>\n","protected":false},"excerpt":{"rendered":"<p data-start=\"305\" data-end=\"712\">Este sistema de purificaci\u00f3n de agua de <strong data-start=\"345\" data-end=\"362\">cuatro etapas<\/strong> ofrece una soluci\u00f3n completa para obtener <strong data-start=\"405\" data-end=\"501\">agua cristalina, libre de impurezas f\u00edsicas, qu\u00edmicos residuales y microorganismos pat\u00f3genos<\/strong>, combinando tecnolog\u00edas mec\u00e1nicas, qu\u00edmicas y microbiol\u00f3gicas. Es ideal para uso dom\u00e9stico, profesional o comercial, especialmente en zonas donde la calidad del agua es variable o de alto riesgo bacteriol\u00f3gico.<\/p>\n","protected":false},"featured_media":3451,"template":"","meta":{"pgc_sgb_lightbox_settings":"","_joinchat":[]},"product_brand":[],"product_cat":[206],"product_tag":[207],"class_list":{"0":"post-3450","1":"product","2":"type-product","3":"status-publish","4":"has-post-thumbnail","6":"product_cat-purificadores-de-agua","7":"product_tag-purificador-de-agua","9":"first","10":"instock","11":"taxable","12":"shipping-taxable","13":"purchasable","14":"product-type-simple"},"_links":{"self":[{"href":"https:\/\/www.aqualife.com.py\/v3\/wp-json\/wp\/v2\/product\/3450"}],"collection":[{"href":"https:\/\/www.aqualife.com.py\/v3\/wp-json\/wp\/v2\/product"}],"about":[{"href":"https:\/\/www.aqualife.com.py\/v3\/wp-json\/wp\/v2\/types\/product"}],"wp:featuredmedia":[{"embeddable":true,"href":"https:\/\/www.aqualife.com.py\/v3\/wp-json\/wp\/v2\/media\/3451"}],"wp:attachment":[{"href":"https:\/\/www.aqualife.com.py\/v3\/wp-json\/wp\/v2\/media?parent=3450"}],"wp:term":[{"taxonomy":"product_brand","embeddable":true,"href":"https:\/\/www.aqualife.com.py\/v3\/wp-json\/wp\/v2\/product_brand?post=3450"},{"taxonomy":"product_cat","embeddable":true,"href":"https:\/\/www.aqualife.com.py\/v3\/wp-json\/wp\/v2\/product_cat?post=3450"},{"taxonomy":"product_tag","embeddable":true,"href":"https:\/\/www.aqualife.com.py\/v3\/wp-json\/wp\/v2\/product_tag?post=3450"}],"curies":[{"name":"wp","href":"https:\/\/api.w.org\/{rel}","templated":true}]}}