{"id":3452,"date":"2024-08-02T01:14:29","date_gmt":"2024-08-02T01:14:29","guid":{"rendered":"https:\/\/www.aqualife.com.py\/v3\/?post_type=product&#038;p=3452"},"modified":"2025-10-02T20:52:59","modified_gmt":"2025-10-02T20:52:59","slug":"purificador-5e","status":"publish","type":"product","link":"https:\/\/www.aqualife.com.py\/v3\/producto\/purificador-5e\/","title":{"rendered":"Purificador 5E"},"content":{"rendered":"<h3 data-start=\"697\" data-end=\"742\">Tecnolog\u00eda de Purificaci\u00f3n en 5 Etapas<\/h3>\n<p data-start=\"744\" data-end=\"838\">Cada etapa del sistema cumple una funci\u00f3n espec\u00edfica para asegurar la m\u00e1xima calidad del agua:<\/p>\n<h4 data-start=\"840\" data-end=\"893\">Etapa 1 \u2013 Filtro de Sedimentos (Polipropileno)<\/h4>\n<ul data-start=\"894\" data-end=\"1065\">\n<li data-start=\"894\" data-end=\"995\">\n<p data-start=\"896\" data-end=\"928\">Elimina part\u00edculas f\u00edsicas como:<\/p>\n<ul data-start=\"931\" data-end=\"995\">\n<li data-start=\"931\" data-end=\"938\">\n<p data-start=\"933\" data-end=\"938\">Arena<\/p>\n<\/li>\n<li data-start=\"941\" data-end=\"948\">\n<p data-start=\"943\" data-end=\"948\">Barro<\/p>\n<\/li>\n<li data-start=\"951\" data-end=\"957\">\n<p data-start=\"953\" data-end=\"957\">Lodo<\/p>\n<\/li>\n<li data-start=\"960\" data-end=\"995\">\n<p data-start=\"962\" data-end=\"995\">\u00d3xidos y otras impurezas visibles<\/p>\n<\/li>\n<\/ul>\n<\/li>\n<li data-start=\"996\" data-end=\"1065\">\n<p data-start=\"998\" data-end=\"1065\">Protege los filtros siguientes y mejora la claridad visual del agua<\/p>\n<\/li>\n<\/ul>\n<h4 data-start=\"1067\" data-end=\"1124\">Etapa 2 \u2013 Filtro de Carb\u00f3n Activado Granular (GAC)<\/h4>\n<ul data-start=\"1125\" data-end=\"1292\">\n<li data-start=\"1125\" data-end=\"1173\">\n<p data-start=\"1127\" data-end=\"1173\">Adsorbe cloro libre presente en el agua de red<\/p>\n<\/li>\n<li data-start=\"1174\" data-end=\"1214\">\n<p data-start=\"1176\" data-end=\"1214\">Elimina olores y sabores desagradables<\/p>\n<\/li>\n<li data-start=\"1215\" data-end=\"1292\">\n<p data-start=\"1217\" data-end=\"1292\">Reduce compuestos org\u00e1nicos vol\u00e1tiles (COVs) y subproductos de la cloraci\u00f3n<\/p>\n<\/li>\n<\/ul>\n<h4 data-start=\"1294\" data-end=\"1354\">Etapa 3 \u2013 Filtro de Carb\u00f3n Activado en Bloque o Plata<\/h4>\n<ul data-start=\"1355\" data-end=\"1559\">\n<li data-start=\"1355\" data-end=\"1420\">\n<p data-start=\"1357\" data-end=\"1420\">Refuerza la remoci\u00f3n de cloro, qu\u00edmicos remanentes y pesticidas<\/p>\n<\/li>\n<li data-start=\"1421\" data-end=\"1488\">\n<p data-start=\"1423\" data-end=\"1488\">Aumenta la vida \u00fatil del sistema y mejora el perfil organol\u00e9ptico<\/p>\n<\/li>\n<li data-start=\"1489\" data-end=\"1559\">\n<p data-start=\"1491\" data-end=\"1559\">Puede incluir <strong data-start=\"1505\" data-end=\"1523\">plata coloidal<\/strong> para control bacteriol\u00f3gico interno<\/p>\n<\/li>\n<\/ul>\n<h4 data-start=\"1561\" data-end=\"1632\">Etapa 4 \u2013 Filtro de Ultrafiltraci\u00f3n (UF) o Filtro Antibacteriano<\/h4>\n<ul data-start=\"1633\" data-end=\"1787\">\n<li data-start=\"1633\" data-end=\"1697\">\n<p data-start=\"1635\" data-end=\"1697\">Elimina microorganismos como bacterias, quistes y protozoarios<\/p>\n<\/li>\n<li data-start=\"1698\" data-end=\"1741\">\n<p data-start=\"1700\" data-end=\"1741\">No altera minerales beneficiosos del agua<\/p>\n<\/li>\n<li data-start=\"1742\" data-end=\"1787\">\n<p data-start=\"1744\" data-end=\"1787\">No requiere electricidad (en el caso de UF)<\/p>\n<\/li>\n<\/ul>\n<h4 data-start=\"1789\" data-end=\"1850\">Etapa 5 \u2013 L\u00e1mpara Ultravioleta (UV) o Postfiltro Final<\/h4>\n<ul data-start=\"1851\" data-end=\"2088\">\n<li data-start=\"1851\" data-end=\"1946\">\n<p data-start=\"1853\" data-end=\"1946\">Elimina hasta <strong data-start=\"1867\" data-end=\"1897\">99.9% de bacterias y virus<\/strong> mediante radiaci\u00f3n UV-C (254 nm)<br data-start=\"1930\" data-end=\"1933\" \/><strong data-start=\"1935\" data-end=\"1946\">o bien:<\/strong><\/p>\n<\/li>\n<li data-start=\"1947\" data-end=\"2026\">\n<p data-start=\"1949\" data-end=\"2026\">Postfiltro de pulido (carb\u00f3n fino) que mejora a\u00fan m\u00e1s el sabor y pureza final<\/p>\n<\/li>\n<li data-start=\"2027\" data-end=\"2088\">\n<p data-start=\"2029\" data-end=\"2088\">Garantiza una \u00faltima barrera de seguridad antes del consumo<\/p>\n<\/li>\n<\/ul>\n<p>&nbsp;<\/p>\n<h3 data-start=\"2765\" data-end=\"2794\">\ud83c\udf1f Beneficios Principales<\/h3>\n<ul data-start=\"2796\" data-end=\"3127\">\n<li data-start=\"2796\" data-end=\"2860\">\n<p data-start=\"2798\" data-end=\"2860\">Agua limpia, sin sedimentos, olores ni sabores desagradables<\/p>\n<\/li>\n<li data-start=\"2861\" data-end=\"2930\">\n<p data-start=\"2863\" data-end=\"2930\">Eliminaci\u00f3n de cloro, pesticidas y metales pesados (seg\u00fan modelo)<\/p>\n<\/li>\n<li data-start=\"2931\" data-end=\"2999\">\n<p data-start=\"2933\" data-end=\"2999\">Protecci\u00f3n frente a virus, bacterias y microorganismos pat\u00f3genos<\/p>\n<\/li>\n<li data-start=\"3000\" data-end=\"3062\">\n<p data-start=\"3002\" data-end=\"3062\">Filtrado de alto rendimiento, ideal para el consumo diario<\/p>\n<\/li>\n<li data-start=\"3063\" data-end=\"3127\">\n<p data-start=\"3065\" data-end=\"3127\">Sistema completo y confiable para uso familiar o profesional<\/p>\n<\/li>\n<\/ul>\n<h3 data-start=\"3134\" data-end=\"3152\"><\/h3>\n<h3 data-start=\"3134\" data-end=\"3152\">\ud83e\udded Ideal para:<\/h3>\n<ul data-start=\"3154\" data-end=\"3414\">\n<li data-start=\"3154\" data-end=\"3235\">\n<p data-start=\"3156\" data-end=\"3235\">Familias que desean <strong data-start=\"3176\" data-end=\"3235\">agua segura y de excelente sabor directamente del grifo<\/strong><\/p>\n<\/li>\n<li data-start=\"3236\" data-end=\"3329\">\n<p data-start=\"3238\" data-end=\"3329\">Ambientes donde el agua presenta <strong data-start=\"3271\" data-end=\"3329\">altos niveles de cloro, sedimentos o riesgo bacteriano<\/strong><\/p>\n<\/li>\n<li data-start=\"3330\" data-end=\"3414\">\n<p data-start=\"3332\" data-end=\"3414\">Personas que buscan un sistema confiable sin necesidad de comprar agua embotellada<\/p>\n<\/li>\n<\/ul>\n","protected":false},"excerpt":{"rendered":"<p>El <strong data-start=\"278\" data-end=\"305\">purificador de 5 etapas<\/strong> ha sido dise\u00f1ado para ofrecer un sistema de tratamiento completo y altamente efectivo, proporcionando agua segura, limpia, cristalina y libre de contaminantes. A trav\u00e9s de sus cinco etapas de purificaci\u00f3n, este equipo garantiza no solo la eliminaci\u00f3n de sedimentos y cloro, sino tambi\u00e9n la reducci\u00f3n significativa de microorganismos y sustancias qu\u00edmicas presentes en el agua potable.<\/p>\n","protected":false},"featured_media":3453,"template":"","meta":{"pgc_sgb_lightbox_settings":"","_joinchat":[]},"product_brand":[],"product_cat":[206],"product_tag":[207],"class_list":{"0":"post-3452","1":"product","2":"type-product","3":"status-publish","4":"has-post-thumbnail","6":"product_cat-purificadores-de-agua","7":"product_tag-purificador-de-agua","9":"first","10":"instock","11":"taxable","12":"shipping-taxable","13":"purchasable","14":"product-type-simple"},"_links":{"self":[{"href":"https:\/\/www.aqualife.com.py\/v3\/wp-json\/wp\/v2\/product\/3452"}],"collection":[{"href":"https:\/\/www.aqualife.com.py\/v3\/wp-json\/wp\/v2\/product"}],"about":[{"href":"https:\/\/www.aqualife.com.py\/v3\/wp-json\/wp\/v2\/types\/product"}],"wp:featuredmedia":[{"embeddable":true,"href":"https:\/\/www.aqualife.com.py\/v3\/wp-json\/wp\/v2\/media\/3453"}],"wp:attachment":[{"href":"https:\/\/www.aqualife.com.py\/v3\/wp-json\/wp\/v2\/media?parent=3452"}],"wp:term":[{"taxonomy":"product_brand","embeddable":true,"href":"https:\/\/www.aqualife.com.py\/v3\/wp-json\/wp\/v2\/product_brand?post=3452"},{"taxonomy":"product_cat","embeddable":true,"href":"https:\/\/www.aqualife.com.py\/v3\/wp-json\/wp\/v2\/product_cat?post=3452"},{"taxonomy":"product_tag","embeddable":true,"href":"https:\/\/www.aqualife.com.py\/v3\/wp-json\/wp\/v2\/product_tag?post=3452"}],"curies":[{"name":"wp","href":"https:\/\/api.w.org\/{rel}","templated":true}]}}