{"id":3461,"date":"2025-08-08T03:14:20","date_gmt":"2025-08-08T03:14:20","guid":{"rendered":"https:\/\/www.aqualife.com.py\/v3\/?post_type=product&#038;p=3461"},"modified":"2025-10-02T20:25:01","modified_gmt":"2025-10-02T20:25:01","slug":"bebedero-modwith","status":"publish","type":"product","link":"https:\/\/www.aqualife.com.py\/v3\/producto\/bebedero-modwith\/","title":{"rendered":"Bebedero MODWITH"},"content":{"rendered":"<p><strong data-start=\"659\" data-end=\"703\">\ud83d\udd27 Caracter\u00edsticas T\u00e9cnicas Principales:<\/strong><\/p>\n<ul data-start=\"705\" data-end=\"1361\">\n<li data-start=\"705\" data-end=\"777\">\n<p data-start=\"707\" data-end=\"777\">\ud83d\udce5 <strong data-start=\"710\" data-end=\"747\">Conexi\u00f3n directa a la red de agua<\/strong> \u2013 mayor practicidad y ahorro.<\/p>\n<\/li>\n<li data-start=\"778\" data-end=\"1000\">\n<p data-start=\"780\" data-end=\"811\">\ud83d\udca6 <strong data-start=\"783\" data-end=\"811\">Capacidad de reservorio:<\/strong><\/p>\n<ul data-start=\"814\" data-end=\"1000\">\n<li data-start=\"814\" data-end=\"893\">\n<p data-start=\"816\" data-end=\"893\"><strong data-start=\"816\" data-end=\"843\">3.5 litros de agua fr\u00eda<\/strong> \u2744\ufe0f \u2013 ideal para refrescarse en cualquier momento.<\/p>\n<\/li>\n<li data-start=\"896\" data-end=\"1000\">\n<p data-start=\"898\" data-end=\"1000\"><strong data-start=\"898\" data-end=\"929\">1.5 litros de agua caliente<\/strong> \ud83d\udd25 \u2013 perfecta para preparar infusiones, caf\u00e9 o alimentos instant\u00e1neos.<\/p>\n<\/li>\n<\/ul>\n<\/li>\n<li data-start=\"1001\" data-end=\"1251\">\n<p data-start=\"1003\" data-end=\"1056\">\ud83d\udee1\ufe0f <strong data-start=\"1007\" data-end=\"1055\">Doble sistema de filtraci\u00f3n original de IBBL<\/strong>:<\/p>\n<ul data-start=\"1059\" data-end=\"1251\">\n<li data-start=\"1059\" data-end=\"1136\">\n<p data-start=\"1061\" data-end=\"1136\"><strong data-start=\"1061\" data-end=\"1072\">Pre C+3<\/strong> \u2013 retiene sedimentos, tierra, \u00f3xido y otras part\u00edculas s\u00f3lidas.<\/p>\n<\/li>\n<li data-start=\"1139\" data-end=\"1251\">\n<p data-start=\"1141\" data-end=\"1251\"><strong data-start=\"1141\" data-end=\"1148\">C+3<\/strong> \u2013 a base de carb\u00f3n activado con tecnolog\u00eda avanzada, elimina cloro, olores y mejora el sabor del agua.<\/p>\n<\/li>\n<\/ul>\n<\/li>\n<li data-start=\"1252\" data-end=\"1361\">\n<p data-start=\"1254\" data-end=\"1361\">\ud83d\udd04 <strong data-start=\"1257\" data-end=\"1280\">Filtraci\u00f3n continua<\/strong> que garantiza agua m\u00e1s limpia, segura y de mejor calidad para el consumo diario.<\/p>\n<\/li>\n<\/ul>\n<hr data-start=\"1363\" data-end=\"1366\" \/>\n<h4 data-start=\"1368\" data-end=\"1391\"><strong data-start=\"1373\" data-end=\"1391\">\ud83c\udfe0 Ideal para:<\/strong><\/h4>\n<ul data-start=\"1392\" data-end=\"1527\">\n<li data-start=\"1392\" data-end=\"1428\">\n<p data-start=\"1394\" data-end=\"1428\">Cocinas residenciales y familiares<\/p>\n<\/li>\n<li data-start=\"1429\" data-end=\"1475\">\n<p data-start=\"1431\" data-end=\"1475\">Oficinas, locales comerciales y consultorios<\/p>\n<\/li>\n<li data-start=\"1476\" data-end=\"1527\">\n<p data-start=\"1478\" data-end=\"1527\">Salas de espera y espacios de atenci\u00f3n al p\u00fablico<\/p>\n<\/li>\n<\/ul>\n<hr data-start=\"1529\" data-end=\"1532\" \/>\n<h4 data-start=\"1534\" data-end=\"1567\"><strong data-start=\"1539\" data-end=\"1567\">\u2705 Beneficios destacados:<\/strong><\/h4>\n<ul data-start=\"1568\" data-end=\"1815\">\n<li data-start=\"1568\" data-end=\"1638\">\n<p data-start=\"1570\" data-end=\"1638\">Agua purificada directamente de la red, sin necesidad de garrafones.<\/p>\n<\/li>\n<li data-start=\"1639\" data-end=\"1702\">\n<p data-start=\"1641\" data-end=\"1702\">Reducci\u00f3n de residuos pl\u00e1sticos y menor impacto ambiental \ud83c\udf31.<\/p>\n<\/li>\n<li data-start=\"1703\" data-end=\"1745\">\n<p data-start=\"1705\" data-end=\"1745\">Bajo costo de mantenimiento y operaci\u00f3n.<\/p>\n<\/li>\n<li data-start=\"1746\" data-end=\"1815\">\n<p data-start=\"1748\" data-end=\"1815\">Dise\u00f1o compacto y elegante, f\u00e1cil de instalar en diversos entornos.<\/p>\n<\/li>\n<\/ul>\n","protected":false},"excerpt":{"rendered":"<p data-start=\"278\" data-end=\"361\"><strong data-start=\"278\" data-end=\"361\">Soluci\u00f3n moderna, eficiente y segura para el consumo diario de agua purificada.<br \/>\n<\/strong>Este bebedero de agua se conecta directamente a la <strong data-start=\"414\" data-end=\"437\">red de agua potable<\/strong>, lo que permite un acceso constante y sin interrupciones a agua filtrada, sin depender de garrafones. Gracias a su dise\u00f1o funcional y compacto, es ideal tanto para <strong data-start=\"605\" data-end=\"622\">uso dom\u00e9stico<\/strong> como <strong data-start=\"628\" data-end=\"641\">comercial.<\/strong><\/p>\n","protected":false},"featured_media":3473,"template":"","meta":{"pgc_sgb_lightbox_settings":"","_joinchat":[]},"product_brand":[],"product_cat":[210],"product_tag":[211],"class_list":{"0":"post-3461","1":"product","2":"type-product","3":"status-publish","4":"has-post-thumbnail","6":"product_cat-bebederos","7":"product_tag-bebedero","9":"first","10":"instock","11":"taxable","12":"shipping-taxable","13":"purchasable","14":"product-type-simple"},"_links":{"self":[{"href":"https:\/\/www.aqualife.com.py\/v3\/wp-json\/wp\/v2\/product\/3461"}],"collection":[{"href":"https:\/\/www.aqualife.com.py\/v3\/wp-json\/wp\/v2\/product"}],"about":[{"href":"https:\/\/www.aqualife.com.py\/v3\/wp-json\/wp\/v2\/types\/product"}],"wp:featuredmedia":[{"embeddable":true,"href":"https:\/\/www.aqualife.com.py\/v3\/wp-json\/wp\/v2\/media\/3473"}],"wp:attachment":[{"href":"https:\/\/www.aqualife.com.py\/v3\/wp-json\/wp\/v2\/media?parent=3461"}],"wp:term":[{"taxonomy":"product_brand","embeddable":true,"href":"https:\/\/www.aqualife.com.py\/v3\/wp-json\/wp\/v2\/product_brand?post=3461"},{"taxonomy":"product_cat","embeddable":true,"href":"https:\/\/www.aqualife.com.py\/v3\/wp-json\/wp\/v2\/product_cat?post=3461"},{"taxonomy":"product_tag","embeddable":true,"href":"https:\/\/www.aqualife.com.py\/v3\/wp-json\/wp\/v2\/product_tag?post=3461"}],"curies":[{"name":"wp","href":"https:\/\/api.w.org\/{rel}","templated":true}]}}