{"id":3509,"date":"2025-10-03T20:53:00","date_gmt":"2025-10-03T20:53:00","guid":{"rendered":"https:\/\/www.aqualife.com.py\/v3\/?post_type=product&#038;p=3509"},"modified":"2026-02-27T21:17:00","modified_gmt":"2026-02-27T21:17:00","slug":"filtro-carbon-activado","status":"publish","type":"product","link":"https:\/\/www.aqualife.com.py\/v3\/producto\/filtro-carbon-activado\/","title":{"rendered":"Filtro Carb\u00f3n Activado"},"content":{"rendered":"","protected":false},"excerpt":{"rendered":"<p>Filtro Carb\u00f3n Activado 20\u00d74.5<br \/>\nL\u00ednea pentair<\/p>\n","protected":false},"featured_media":3516,"template":"","meta":{"pgc_sgb_lightbox_settings":"","_joinchat":[]},"product_brand":[],"product_cat":[214],"product_tag":[],"class_list":{"0":"post-3509","1":"product","2":"type-product","3":"status-publish","4":"has-post-thumbnail","6":"product_cat-cartucho-de-reposicion","8":"first","9":"instock","10":"taxable","11":"shipping-taxable","12":"purchasable","13":"product-type-simple"},"_links":{"self":[{"href":"https:\/\/www.aqualife.com.py\/v3\/wp-json\/wp\/v2\/product\/3509"}],"collection":[{"href":"https:\/\/www.aqualife.com.py\/v3\/wp-json\/wp\/v2\/product"}],"about":[{"href":"https:\/\/www.aqualife.com.py\/v3\/wp-json\/wp\/v2\/types\/product"}],"wp:featuredmedia":[{"embeddable":true,"href":"https:\/\/www.aqualife.com.py\/v3\/wp-json\/wp\/v2\/media\/3516"}],"wp:attachment":[{"href":"https:\/\/www.aqualife.com.py\/v3\/wp-json\/wp\/v2\/media?parent=3509"}],"wp:term":[{"taxonomy":"product_brand","embeddable":true,"href":"https:\/\/www.aqualife.com.py\/v3\/wp-json\/wp\/v2\/product_brand?post=3509"},{"taxonomy":"product_cat","embeddable":true,"href":"https:\/\/www.aqualife.com.py\/v3\/wp-json\/wp\/v2\/product_cat?post=3509"},{"taxonomy":"product_tag","embeddable":true,"href":"https:\/\/www.aqualife.com.py\/v3\/wp-json\/wp\/v2\/product_tag?post=3509"}],"curies":[{"name":"wp","href":"https:\/\/api.w.org\/{rel}","templated":true}]}}