{"id":3513,"date":"2025-10-04T00:37:41","date_gmt":"2025-10-04T00:37:41","guid":{"rendered":"https:\/\/www.aqualife.com.py\/v3\/?post_type=product&#038;p=3513"},"modified":"2026-02-27T20:56:55","modified_gmt":"2026-02-27T20:56:55","slug":"filtro-carbon-activado-2","status":"publish","type":"product","link":"https:\/\/www.aqualife.com.py\/v3\/producto\/filtro-carbon-activado-2\/","title":{"rendered":"Filtro Carb\u00f3n Activado"},"content":{"rendered":"","protected":false},"excerpt":{"rendered":"<p>Filtro Carb\u00f3n Activado 20\u00d72.5 L\u00ednea Pentair<\/p>\n","protected":false},"featured_media":3524,"template":"","meta":{"pgc_sgb_lightbox_settings":"","_joinchat":[]},"product_brand":[],"product_cat":[214],"product_tag":[],"class_list":{"0":"post-3513","1":"product","2":"type-product","3":"status-publish","4":"has-post-thumbnail","6":"product_cat-cartucho-de-reposicion","8":"first","9":"instock","10":"taxable","11":"shipping-taxable","12":"purchasable","13":"product-type-simple"},"_links":{"self":[{"href":"https:\/\/www.aqualife.com.py\/v3\/wp-json\/wp\/v2\/product\/3513"}],"collection":[{"href":"https:\/\/www.aqualife.com.py\/v3\/wp-json\/wp\/v2\/product"}],"about":[{"href":"https:\/\/www.aqualife.com.py\/v3\/wp-json\/wp\/v2\/types\/product"}],"wp:featuredmedia":[{"embeddable":true,"href":"https:\/\/www.aqualife.com.py\/v3\/wp-json\/wp\/v2\/media\/3524"}],"wp:attachment":[{"href":"https:\/\/www.aqualife.com.py\/v3\/wp-json\/wp\/v2\/media?parent=3513"}],"wp:term":[{"taxonomy":"product_brand","embeddable":true,"href":"https:\/\/www.aqualife.com.py\/v3\/wp-json\/wp\/v2\/product_brand?post=3513"},{"taxonomy":"product_cat","embeddable":true,"href":"https:\/\/www.aqualife.com.py\/v3\/wp-json\/wp\/v2\/product_cat?post=3513"},{"taxonomy":"product_tag","embeddable":true,"href":"https:\/\/www.aqualife.com.py\/v3\/wp-json\/wp\/v2\/product_tag?post=3513"}],"curies":[{"name":"wp","href":"https:\/\/api.w.org\/{rel}","templated":true}]}}