{"id":3540,"date":"2025-10-04T01:29:17","date_gmt":"2025-10-04T01:29:17","guid":{"rendered":"https:\/\/www.aqualife.com.py\/v3\/?post_type=product&#038;p=3540"},"modified":"2026-02-27T22:14:27","modified_gmt":"2026-02-27T22:14:27","slug":"filtro-de-carbon-activado-2","status":"publish","type":"product","link":"https:\/\/www.aqualife.com.py\/v3\/producto\/filtro-de-carbon-activado-2\/","title":{"rendered":"FILTRO DE CARB\u00d3N ACTIVADO"},"content":{"rendered":"<p>Cartucho de filtro de bloque de carb\u00f3n, dise\u00f1ado para proporcionar una filtraci\u00f3n de sedimentos y reducir el sabor y olor a cloro en el agua. <\/p>\n<p><strong>Caracter\u00edsticas principales:<\/strong> Filtraci\u00f3n nominal de 10 micras: Retiene eficazmente part\u00edculas finas de sedimentos, suciedad y \u00f3xido.<\/p>\n<p><strong>Reducci\u00f3n de cloro:<\/strong> Mejora significativamente el sabor y el olor del agua potable.<\/p>\n<p><strong>Alta porosidad:<\/strong> Su dise\u00f1o ayuda a prevenir que el cartucho se obstruya prematuramente, maximizando el uso del carb\u00f3n y manteniendo una baja ca\u00edda de presi\u00f3n.<\/p>\n<p><strong>Compatibilidad:<\/strong> Se ajusta a la mayor\u00eda de las carcasas est\u00e1ndar de 10 pulgadas.<\/p>\n<p><strong>Certificaci\u00f3n:<\/strong> Probado y certificado por la NSF International<\/p>\n","protected":false},"excerpt":{"rendered":"<p>Filtro de Carb\u00f3n Activado de 10 Micras.<br \/>\nLinea Pentair.<\/p>\n","protected":false},"featured_media":3546,"template":"","meta":{"pgc_sgb_lightbox_settings":"","_joinchat":[]},"product_brand":[],"product_cat":[214],"product_tag":[],"class_list":{"0":"post-3540","1":"product","2":"type-product","3":"status-publish","4":"has-post-thumbnail","6":"product_cat-cartucho-de-reposicion","8":"first","9":"instock","10":"taxable","11":"shipping-taxable","12":"purchasable","13":"product-type-simple"},"_links":{"self":[{"href":"https:\/\/www.aqualife.com.py\/v3\/wp-json\/wp\/v2\/product\/3540"}],"collection":[{"href":"https:\/\/www.aqualife.com.py\/v3\/wp-json\/wp\/v2\/product"}],"about":[{"href":"https:\/\/www.aqualife.com.py\/v3\/wp-json\/wp\/v2\/types\/product"}],"wp:featuredmedia":[{"embeddable":true,"href":"https:\/\/www.aqualife.com.py\/v3\/wp-json\/wp\/v2\/media\/3546"}],"wp:attachment":[{"href":"https:\/\/www.aqualife.com.py\/v3\/wp-json\/wp\/v2\/media?parent=3540"}],"wp:term":[{"taxonomy":"product_brand","embeddable":true,"href":"https:\/\/www.aqualife.com.py\/v3\/wp-json\/wp\/v2\/product_brand?post=3540"},{"taxonomy":"product_cat","embeddable":true,"href":"https:\/\/www.aqualife.com.py\/v3\/wp-json\/wp\/v2\/product_cat?post=3540"},{"taxonomy":"product_tag","embeddable":true,"href":"https:\/\/www.aqualife.com.py\/v3\/wp-json\/wp\/v2\/product_tag?post=3540"}],"curies":[{"name":"wp","href":"https:\/\/api.w.org\/{rel}","templated":true}]}}