{"id":3601,"date":"2025-11-15T03:51:37","date_gmt":"2025-11-15T03:51:37","guid":{"rendered":"https:\/\/www.aqualife.com.py\/v3\/?post_type=product&#038;p=3601"},"modified":"2025-11-26T18:55:15","modified_gmt":"2025-11-26T18:55:15","slug":"bebedero-25lts","status":"publish","type":"product","link":"https:\/\/www.aqualife.com.py\/v3\/producto\/bebedero-25lts\/","title":{"rendered":"Bebedero Industrial 25 Lts"},"content":{"rendered":"<p><strong>CONEXI\u00d3N DIRECTA<\/strong><br \/>\nDise\u00f1ado para alto rendimiento, ideal para industrias, f\u00e1bricas, comercios e instituciones educativas. Ofrece agua fr\u00eda y purificada de forma continua gracias a su conexi\u00f3n directa a la red de agua. Su estructura de acero inoxidable garantiza durabilidad y resistencia a la corrosi\u00f3n.<\/p>\n<p><strong>CARACTER\u00cdSTICAS<\/strong><br \/>\n\u2022 Modelo con 2 grifos, ambos de agua fr\u00eda o uno natural y otro fr\u00edo;<br \/>\n\u2022 Revestimiento interior del tanque en polipropileno;<br \/>\n\u2022 Refrigeraci\u00f3n utilizando gas refrigerante R-134a;<br \/>\n\u2022 Aislamiento t\u00e9rmico en poliuretano inyectado;<br \/>\n\u2022 Fregadero en acero inoxidable 430, con desag\u00fce;<br \/>\n\u2022 Serpent\u00edn interno en acero inoxidable 304;<br \/>\n\u2022 Termostato con 7 niveles de ajuste;<br \/>\n\u2022 Patas regulables en altura;<br \/>\n\u2022 Ideal para ambientes con gran circulaci\u00f3n de personas;<br \/>\n\u2022 Revestimiento exterior en acero inoxidable 430 brillante;<br \/>\n\u2022 Disponible en voltajes monof\u00e1sicos de 127 V o 220 V.<\/p>\n<p><strong>FILTRO-CARTUCHO<\/strong><br \/>\n\u2022 La vida\u00fatil depende de la calidaddeagua de alimentaci\u00f3n.<br \/>\n\u2022 Utilizar soloaguadelaredlocalpreviamente tratada.<br \/>\n\u2022 Recomendamos cambiar el filtro-cartucho cada4-6meses comom\u00ednimo<\/p>\n","protected":false},"excerpt":{"rendered":"<p>CONEXI\u00d3N DIRECTA Dise\u00f1ado para alto rendimiento, ideal para industrias, f\u00e1bricas, comercios e instituciones educativas. Ofrece agua fr\u00eda y purificada de forma continua gracias a su conexi\u00f3n directa a la red de agua. Su estructura de acero inoxidable garantiza durabilidad y resistencia a la corrosi\u00f3n. CARACTER\u00cdSTICAS \u2022 Modelo con 2 grifos, ambos de agua fr\u00eda o&#8230;<\/p>\n","protected":false},"featured_media":3605,"template":"","meta":{"pgc_sgb_lightbox_settings":"","_joinchat":[]},"product_brand":[],"product_cat":[216],"product_tag":[],"class_list":{"0":"post-3601","1":"product","2":"type-product","3":"status-publish","4":"has-post-thumbnail","6":"product_cat-bebederos-industriales","8":"first","9":"instock","10":"taxable","11":"shipping-taxable","12":"purchasable","13":"product-type-simple"},"_links":{"self":[{"href":"https:\/\/www.aqualife.com.py\/v3\/wp-json\/wp\/v2\/product\/3601"}],"collection":[{"href":"https:\/\/www.aqualife.com.py\/v3\/wp-json\/wp\/v2\/product"}],"about":[{"href":"https:\/\/www.aqualife.com.py\/v3\/wp-json\/wp\/v2\/types\/product"}],"wp:featuredmedia":[{"embeddable":true,"href":"https:\/\/www.aqualife.com.py\/v3\/wp-json\/wp\/v2\/media\/3605"}],"wp:attachment":[{"href":"https:\/\/www.aqualife.com.py\/v3\/wp-json\/wp\/v2\/media?parent=3601"}],"wp:term":[{"taxonomy":"product_brand","embeddable":true,"href":"https:\/\/www.aqualife.com.py\/v3\/wp-json\/wp\/v2\/product_brand?post=3601"},{"taxonomy":"product_cat","embeddable":true,"href":"https:\/\/www.aqualife.com.py\/v3\/wp-json\/wp\/v2\/product_cat?post=3601"},{"taxonomy":"product_tag","embeddable":true,"href":"https:\/\/www.aqualife.com.py\/v3\/wp-json\/wp\/v2\/product_tag?post=3601"}],"curies":[{"name":"wp","href":"https:\/\/api.w.org\/{rel}","templated":true}]}}