{"id":3662,"date":"2026-04-08T21:18:54","date_gmt":"2026-04-08T21:18:54","guid":{"rendered":"https:\/\/www.aqualife.com.py\/v3\/?post_type=product&#038;p=3662"},"modified":"2026-04-09T18:24:42","modified_gmt":"2026-04-09T18:24:42","slug":"bebedero-blanco","status":"publish","type":"product","link":"https:\/\/www.aqualife.com.py\/v3\/producto\/bebedero-blanco\/","title":{"rendered":"Bebedero Blanco"},"content":{"rendered":"<p data-start=\"0\" data-end=\"57\">Hidrataci\u00f3n continua, ahorro y practicidad para cada d\u00eda.<\/p>\n<p data-start=\"59\" data-end=\"358\">Este bebedero de pie, de dise\u00f1o c\u00f3modo y funcional, se conecta directamente a la red de agua, eliminando la necesidad de bidones y garantizando un suministro constante. Perfecto para espacios compartidos como oficinas, cl\u00ednicas, consultorios o el hogar, donde la eficiencia y la comodidad son clave.<\/p>\n<p data-start=\"59\" data-end=\"358\"><strong>Sistema de filtraci\u00f3n avanzada:<\/strong><\/p>\n<p data-start=\"783\" data-end=\"889\">Dise\u00f1ado para ofrecer agua m\u00e1s limpia, segura y de mejor sabor \ud83d\ude0b, el sistema de filtraci\u00f3n puede incluir:<\/p>\n<ul data-start=\"891\" data-end=\"1298\">\n<li data-start=\"891\" data-end=\"985\">\n<p data-start=\"893\" data-end=\"985\">\ud83c\udf00\u00a0<strong data-start=\"896\" data-end=\"929\">Etapa 1: Filtro de sedimentos<\/strong>\u00a0\u2013 elimina impurezas s\u00f3lidas como tierra, \u00f3xido o arena.<\/p>\n<\/li>\n<li>\ud83d\udee1\ufe0f\u00a0<strong data-start=\"1197\" data-end=\"1259\">Etapa 2 : Filtro antibacterial o ultrafiltraci\u00f3n<\/strong>\u00a0\u2013 elimina microorganismos y bacterias.<\/li>\n<li data-start=\"986\" data-end=\"1081\">\n<p data-start=\"988\" data-end=\"1081\">\ud83c\udf2b\ufe0f\u00a0<strong data-start=\"992\" data-end=\"1030\">Etapa 3: Filtro de carb\u00f3n activado<\/strong>\u00a0\u2013 reduce cloro, olores y mejora el sabor del agua.<\/p>\n<\/li>\n<\/ul>\n<p>&nbsp;<\/p>\n<p><strong>Capacidad y Funcionalidad:<\/strong><\/p>\n<ul data-start=\"1344\" data-end=\"1636\">\n<li data-start=\"1344\" data-end=\"1409\">\n<p data-start=\"1346\" data-end=\"1409\">\u2744\ufe0f\u00a0<strong data-start=\"1349\" data-end=\"1376\">Agua fr\u00eda en abundancia<\/strong>\u00a0para refrescarte durante el d\u00eda.<\/p>\n<\/li>\n<li data-start=\"1410\" data-end=\"1494\">\n<p data-start=\"1412\" data-end=\"1494\">\ud83d\udd25\u00a0<strong data-start=\"1415\" data-end=\"1455\">Agua caliente disponible al instante<\/strong>, ideal para preparar t\u00e9, caf\u00e9 o sopas.<\/p>\n<\/li>\n<li data-start=\"1495\" data-end=\"1636\">\n<p data-start=\"1497\" data-end=\"1636\">\ud83d\udd12\u00a0<strong data-start=\"1500\" data-end=\"1558\">Perilla de seguridad con bloqueo para el agua caliente<\/strong>, perfecta para evitar accidentes con ni\u00f1os o manipulaciones involuntarias \ud83d\udc76<\/p>\n<\/li>\n<\/ul>\n<p>&nbsp;<\/p>\n<p>&nbsp;<\/p>\n<p data-start=\"360\" data-end=\"383\"><strong>Rendimiento y Ventajas:<\/strong><\/p>\n<p data-start=\"385\" data-end=\"447\">\ud83d\udca7 Conexi\u00f3n directa a la red \u2013 sin recargas ni complicaciones.<\/p>\n<p data-start=\"449\" data-end=\"515\">\u2744\ufe0f Agua fr\u00eda a 5 \u00b0C, ideal para mantenerte fresco en todo momento.<\/p>\n<p data-start=\"517\" data-end=\"591\">\ud83d\udd25 Agua caliente hasta 95 \u00b0C, perfecta para bebidas calientes al instante.<\/p>\n<p data-start=\"593\" data-end=\"651\">\ud83d\udcb8 Ahorro econ\u00f3mico frente al consumo de agua embotellada.<\/p>\n<p data-start=\"653\" data-end=\"714\">\ud83d\udee0\ufe0f Incluye kit de instalaci\u00f3n para una instalaci\u00f3n sencilla.<\/p>\n<p data-start=\"716\" data-end=\"779\">\ud83d\udd27 Bajo mantenimiento, pensado para un uso pr\u00e1ctico y duradero.<\/p>\n<p data-start=\"881\" data-end=\"889\"><strong>Medidas:<\/strong><\/p>\n<p data-start=\"891\" data-end=\"938\" data-is-last-node=\"\" data-is-only-node=\"\">Ancho: 31 cm<br data-start=\"903\" data-end=\"906\" \/>Alto: 96 cm<br data-start=\"917\" data-end=\"920\" \/>Profundidad: 32 cm<\/p>\n","protected":false},"excerpt":{"rendered":"<p data-start=\"258\" data-end=\"342\"><strong data-start=\"258\" data-end=\"342\">Hidrataci\u00f3n segura, dise\u00f1o moderno y m\u00e1xima practicidad para tu hogar u oficina.<\/strong><\/p>\n<p data-start=\"344\" data-end=\"717\">Este <strong data-start=\"349\" data-end=\"368\">bebedero de pie<\/strong>, de estilo moderno y funcional, se conecta directamente a la <strong data-start=\"436\" data-end=\"459\">red de agua potable<\/strong> \ud83d\udeb0, brindando una soluci\u00f3n continua y eficiente para el consumo de agua purificada, sin necesidad de garrafones. Ideal para espacios que requieren alto rendimiento con una presentaci\u00f3n elegante, como <strong data-start=\"660\" data-end=\"711\">oficinas, hogares, consultorios o \u00e1reas comunes<\/strong>.<\/p>\n","protected":false},"featured_media":3664,"template":"","meta":{"pgc_sgb_lightbox_settings":"","_joinchat":[]},"product_brand":[],"product_cat":[210],"product_tag":[],"class_list":{"0":"post-3662","1":"product","2":"type-product","3":"status-publish","4":"has-post-thumbnail","6":"product_cat-bebederos","8":"first","9":"instock","10":"taxable","11":"shipping-taxable","12":"purchasable","13":"product-type-simple"},"_links":{"self":[{"href":"https:\/\/www.aqualife.com.py\/v3\/wp-json\/wp\/v2\/product\/3662"}],"collection":[{"href":"https:\/\/www.aqualife.com.py\/v3\/wp-json\/wp\/v2\/product"}],"about":[{"href":"https:\/\/www.aqualife.com.py\/v3\/wp-json\/wp\/v2\/types\/product"}],"wp:featuredmedia":[{"embeddable":true,"href":"https:\/\/www.aqualife.com.py\/v3\/wp-json\/wp\/v2\/media\/3664"}],"wp:attachment":[{"href":"https:\/\/www.aqualife.com.py\/v3\/wp-json\/wp\/v2\/media?parent=3662"}],"wp:term":[{"taxonomy":"product_brand","embeddable":true,"href":"https:\/\/www.aqualife.com.py\/v3\/wp-json\/wp\/v2\/product_brand?post=3662"},{"taxonomy":"product_cat","embeddable":true,"href":"https:\/\/www.aqualife.com.py\/v3\/wp-json\/wp\/v2\/product_cat?post=3662"},{"taxonomy":"product_tag","embeddable":true,"href":"https:\/\/www.aqualife.com.py\/v3\/wp-json\/wp\/v2\/product_tag?post=3662"}],"curies":[{"name":"wp","href":"https:\/\/api.w.org\/{rel}","templated":true}]}}